{"id":7,"date":"2020-11-10T18:06:52","date_gmt":"2020-11-10T18:06:52","guid":{"rendered":"http:\/\/institutosanricardopampuri.com\/matriculas\/?page_id=7"},"modified":"2021-12-01T12:22:15","modified_gmt":"2021-12-01T12:22:15","slug":"matriculas","status":"publish","type":"page","link":"https:\/\/institutosanricardopampuri.com\/matriculas\/","title":{"rendered":"Matr\u00edculas"},"content":{"rendered":"\t\t<div data-elementor-type=\"wp-page\" data-elementor-id=\"7\" class=\"elementor elementor-7\" data-elementor-settings=\"[]\">\n\t\t\t\t\t\t<div class=\"elementor-inner\">\n\t\t\t\t\t\t\t<div class=\"elementor-section-wrap\">\n\t\t\t\t\t\t\t<section class=\"elementor-section elementor-top-section elementor-element elementor-element-efe06fb elementor-section-full_width elementor-section-height-min-height elementor-section-height-default elementor-section-items-middle\" data-id=\"efe06fb\" data-element_type=\"section\" data-settings=\"{&quot;background_background&quot;:&quot;classic&quot;,&quot;shape_divider_bottom&quot;:&quot;opacity-tilt&quot;}\">\n\t\t\t\t\t<div class=\"elementor-shape elementor-shape-bottom\" data-negative=\"false\">\n\t\t\t<svg xmlns=\"http:\/\/www.w3.org\/2000\/svg\" viewBox=\"0 0 2600 131.1\" preserveAspectRatio=\"none\">\n\t<path class=\"elementor-shape-fill\" d=\"M0 0L2600 0 2600 69.1 0 0z\"\/>\n\t<path class=\"elementor-shape-fill\" style=\"opacity:0.5\" d=\"M0 0L2600 0 2600 69.1 0 69.1z\"\/>\n\t<path class=\"elementor-shape-fill\" style=\"opacity:0.25\" d=\"M2600 0L0 0 0 130.1 2600 69.1z\"\/>\n<\/svg>\t\t<\/div>\n\t\t\t\t\t<div class=\"elementor-container elementor-column-gap-default\">\n\t\t\t\t\t\t\t<div class=\"elementor-row\">\n\t\t\t\t\t<div class=\"elementor-column elementor-col-100 elementor-top-column elementor-element elementor-element-f406ca6\" data-id=\"f406ca6\" data-element_type=\"column\">\n\t\t\t<div class=\"elementor-column-wrap elementor-element-populated\">\n\t\t\t\t\t\t\t<div class=\"elementor-widget-wrap\">\n\t\t\t\t\t\t<section class=\"elementor-section elementor-inner-section elementor-element elementor-element-6e4474d elementor-section-boxed elementor-section-height-default elementor-section-height-default\" data-id=\"6e4474d\" data-element_type=\"section\">\n\t\t\t\t\t\t<div class=\"elementor-container elementor-column-gap-default\">\n\t\t\t\t\t\t\t<div class=\"elementor-row\">\n\t\t\t\t\t<div class=\"elementor-column elementor-col-50 elementor-inner-column elementor-element elementor-element-a8eeee4\" data-id=\"a8eeee4\" data-element_type=\"column\">\n\t\t\t<div class=\"elementor-column-wrap elementor-element-populated\">\n\t\t\t\t\t\t\t<div class=\"elementor-widget-wrap\">\n\t\t\t\t\t\t<div class=\"elementor-element elementor-element-c8c3f90 elementor-widget elementor-widget-heading\" data-id=\"c8c3f90\" data-element_type=\"widget\" data-widget_type=\"heading.default\">\n\t\t\t\t<div class=\"elementor-widget-container\">\n\t\t\t<h2 class=\"elementor-heading-title elementor-size-default\">Matr\u00edculas en <br>l\u00ednea<\/h2>\t\t<\/div>\n\t\t\t\t<\/div>\n\t\t\t\t\t\t<\/div>\n\t\t\t\t\t<\/div>\n\t\t<\/div>\n\t\t\t\t<div class=\"elementor-column elementor-col-50 elementor-inner-column elementor-element elementor-element-e16292c\" data-id=\"e16292c\" data-element_type=\"column\">\n\t\t\t<div class=\"elementor-column-wrap\">\n\t\t\t\t\t\t\t<div class=\"elementor-widget-wrap\">\n\t\t\t\t\t\t\t\t<\/div>\n\t\t\t\t\t<\/div>\n\t\t<\/div>\n\t\t\t\t\t\t\t\t<\/div>\n\t\t\t\t\t<\/div>\n\t\t<\/section>\n\t\t\t\t\t\t<\/div>\n\t\t\t\t\t<\/div>\n\t\t<\/div>\n\t\t\t\t\t\t\t\t<\/div>\n\t\t\t\t\t<\/div>\n\t\t<\/section>\n\t\t\t\t<section class=\"elementor-section elementor-top-section elementor-element elementor-element-c2b2bf0 elementor-section-boxed elementor-section-height-default elementor-section-height-default\" data-id=\"c2b2bf0\" data-element_type=\"section\">\n\t\t\t\t\t\t<div class=\"elementor-container elementor-column-gap-default\">\n\t\t\t\t\t\t\t<div class=\"elementor-row\">\n\t\t\t\t\t<div class=\"elementor-column elementor-col-100 elementor-top-column elementor-element elementor-element-0cdebbb\" data-id=\"0cdebbb\" data-element_type=\"column\">\n\t\t\t<div class=\"elementor-column-wrap elementor-element-populated\">\n\t\t\t\t\t\t\t<div class=\"elementor-widget-wrap\">\n\t\t\t\t\t\t<div class=\"elementor-element elementor-element-1cdddc5 elementor-widget elementor-widget-spacer\" data-id=\"1cdddc5\" data-element_type=\"widget\" data-widget_type=\"spacer.default\">\n\t\t\t\t<div class=\"elementor-widget-container\">\n\t\t\t\t\t<div class=\"elementor-spacer\">\n\t\t\t<div class=\"elementor-spacer-inner\"><\/div>\n\t\t<\/div>\n\t\t\t\t<\/div>\n\t\t\t\t<\/div>\n\t\t\t\t<div class=\"elementor-element elementor-element-4f55d5e elementor-widget elementor-widget-image\" data-id=\"4f55d5e\" data-element_type=\"widget\" data-widget_type=\"image.default\">\n\t\t\t\t<div class=\"elementor-widget-container\">\n\t\t\t\t\t<div class=\"elementor-image\">\n\t\t\t\t\t\t\t\t\t\t<img loading=\"lazy\" decoding=\"async\" width=\"365\" height=\"90\" src=\"https:\/\/institutosanricardopampuri.com\/matriculas\/wp-content\/uploads\/2020\/11\/logo_instituto_pampuri_90height.jpg\" class=\"attachment-full size-full\" alt=\"\" srcset=\"https:\/\/institutosanricardopampuri.com\/matriculas\/wp-content\/uploads\/2020\/11\/logo_instituto_pampuri_90height.jpg 365w, https:\/\/institutosanricardopampuri.com\/matriculas\/wp-content\/uploads\/2020\/11\/logo_instituto_pampuri_90height-300x74.jpg 300w\" sizes=\"auto, (max-width: 34.9rem) calc(100vw - 2rem), (max-width: 53rem) calc(8 * (100vw \/ 12)), (min-width: 53rem) calc(6 * (100vw \/ 12)), 100vw\" \/>\t\t\t\t\t\t\t\t\t\t\t<\/div>\n\t\t\t\t<\/div>\n\t\t\t\t<\/div>\n\t\t\t\t<section class=\"elementor-section elementor-inner-section elementor-element elementor-element-db30fc2 elementor-section-boxed elementor-section-height-default elementor-section-height-default\" data-id=\"db30fc2\" data-element_type=\"section\">\n\t\t\t\t\t\t<div class=\"elementor-container elementor-column-gap-default\">\n\t\t\t\t\t\t\t<div class=\"elementor-row\">\n\t\t\t\t\t<div class=\"elementor-column elementor-col-100 elementor-inner-column elementor-element elementor-element-ac1fc6f\" data-id=\"ac1fc6f\" data-element_type=\"column\">\n\t\t\t<div class=\"elementor-column-wrap elementor-element-populated\">\n\t\t\t\t\t\t\t<div class=\"elementor-widget-wrap\">\n\t\t\t\t\t\t<div class=\"elementor-element elementor-element-d190973 elementor-widget elementor-widget-heading\" data-id=\"d190973\" data-element_type=\"widget\" data-widget_type=\"heading.default\">\n\t\t\t\t<div class=\"elementor-widget-container\">\n\t\t\t<h4 class=\"elementor-heading-title elementor-size-default\">Ingrese el n\u00famero de identificaci\u00f3n <br>\ndel (la) estudiante<\/h4>\t\t<\/div>\n\t\t\t\t<\/div>\n\t\t\t\t<div class=\"elementor-element elementor-element-ba57db3 elementor-widget elementor-widget-text-editor\" data-id=\"ba57db3\" data-element_type=\"widget\" data-widget_type=\"text-editor.default\">\n\t\t\t\t<div class=\"elementor-widget-container\">\n\t\t\t\t\t<div class=\"elementor-text-editor elementor-clearfix\"><p>Recuerde que para poder realizar el proceso de matr\u00edcula, debe encontrarse a <strong>PAZ Y SALVO<\/strong> por todo concepto con la Instituci\u00f3n, haber cancelado el valor correspondiente a matr\u00edcula 2022 y adjuntar todos los documentos requeridos, si presenta alg\u00fan inconveniente comun\u00edquese con Secretar\u00eda acad\u00e9mica al 322 207 03 00 o al correo electr\u00f3nico <a href=\"mailto:srpampuri@hotmail.com\">srpampuri@hotmail.com<\/a><\/p><p><strong>* Si usted ha realizado el pago correspondiente a matr\u00edcula hoy, debe esperar 24 horas para la activaci\u00f3n de este formulario<\/strong><\/p><\/div>\n\t\t\t\t<\/div>\n\t\t\t\t<\/div>\n\t\t\t\t<div class=\"elementor-element elementor-element-c6e67f5 elementor-widget elementor-widget-wp-widget-widget_daily\" data-id=\"c6e67f5\" data-element_type=\"widget\" data-widget_type=\"wp-widget-widget_daily.default\">\n\t\t\t\t<div class=\"elementor-widget-container\">\n\t\t\t<div class=\"form_daily\" id=\"formId\">\n       <form id=\"dailyForm\"  method=\"POST\" action=\"https:\/\/institutosanricardopampuri.com\/matriculas\/test-matriculas\/\">\n       <fieldset>\n\t\t\n            <p>\n                 <input type=\"hidden\" id=\"formId\" name=\"formId\" value=\"\">\n                 <input type=\"hidden\" class=\"dailyForm\" name=\"url_thanks\" value=\"\">\n            <\/p>\n\t\t\t <p>\n\t\t\t\t<input id=\"cphone\" type=\"text\" placeholder=\"Ingrese el n\u00famero de identificaci\u00f3n\" name=\"telefono\" required>\n\t\t\n\t\t\t\t\n\t\t\t<\/p>\n\t\t\t<p>\n\t\t\t\t<input  id=\"btn_enviar\" type=\"submit\" value=\"Consultar\">\n\t\t\t<\/p>\n\t\t<\/fieldset>\n        <\/form>\n       <\/div>\t\t<\/div>\n\t\t\t\t<\/div>\n\t\t\t\t<div class=\"elementor-element elementor-element-1955447 elementor-widget elementor-widget-text-editor\" data-id=\"1955447\" data-element_type=\"widget\" data-widget_type=\"text-editor.default\">\n\t\t\t\t<div class=\"elementor-widget-container\">\n\t\t\t\t\t<div class=\"elementor-text-editor elementor-clearfix\"><p>Aclaramos que al diligenciar y enviar este formulario \u201cESTAMOS DE ACUERDO, ACEPTAMOS EL REGLAMENTO O MANUAL DE CONVIVENCIA Y DEMAS NORMAS DEL INSTITUTO SAN RICARDO PANPURI ASI MISMO NOS COMPROMETEMOS A CUMPLIR CABALMENTE LOS DEBERES QUE ADQUIRIMOS MEDIANTE ESTE ACTO DE MATRICULA COMO ESTUDIANTE, PADRES O ACUDIENTES\u201d.<\/p><\/div>\n\t\t\t\t<\/div>\n\t\t\t\t<\/div>\n\t\t\t\t\t\t<\/div>\n\t\t\t\t\t<\/div>\n\t\t<\/div>\n\t\t\t\t\t\t\t\t<\/div>\n\t\t\t\t\t<\/div>\n\t\t<\/section>\n\t\t\t\t\t\t<\/div>\n\t\t\t\t\t<\/div>\n\t\t<\/div>\n\t\t\t\t\t\t\t\t<\/div>\n\t\t\t\t\t<\/div>\n\t\t<\/section>\n\t\t\t\t\t\t<\/div>\n\t\t\t\t\t\t<\/div>\n\t\t\t\t\t<\/div>\n\t\t","protected":false},"excerpt":{"rendered":"<p>Matr\u00edculas en l\u00ednea Ingrese el n\u00famero de identificaci\u00f3n del (la) estudiante Recuerde que para poder realizar el proceso de matr\u00edcula, debe encontrarse a PAZ Y SALVO por todo concepto con la Instituci\u00f3n, haber cancelado el valor correspondiente a matr\u00edcula 2022 y adjuntar todos los documentos requeridos, si presenta alg\u00fan inconveniente comun\u00edquese con Secretar\u00eda acad\u00e9mica al [&hellip;]<\/p>\n","protected":false},"author":1,"featured_media":0,"parent":0,"menu_order":0,"comment_status":"closed","ping_status":"closed","template":"elementor_canvas","meta":{"footnotes":""},"class_list":["post-7","page","type-page","status-publish","hentry","entry"],"_links":{"self":[{"href":"https:\/\/institutosanricardopampuri.com\/matriculas\/wp-json\/wp\/v2\/pages\/7","targetHints":{"allow":["GET"]}}],"collection":[{"href":"https:\/\/institutosanricardopampuri.com\/matriculas\/wp-json\/wp\/v2\/pages"}],"about":[{"href":"https:\/\/institutosanricardopampuri.com\/matriculas\/wp-json\/wp\/v2\/types\/page"}],"author":[{"embeddable":true,"href":"https:\/\/institutosanricardopampuri.com\/matriculas\/wp-json\/wp\/v2\/users\/1"}],"replies":[{"embeddable":true,"href":"https:\/\/institutosanricardopampuri.com\/matriculas\/wp-json\/wp\/v2\/comments?post=7"}],"version-history":[{"count":117,"href":"https:\/\/institutosanricardopampuri.com\/matriculas\/wp-json\/wp\/v2\/pages\/7\/revisions"}],"predecessor-version":[{"id":4218,"href":"https:\/\/institutosanricardopampuri.com\/matriculas\/wp-json\/wp\/v2\/pages\/7\/revisions\/4218"}],"wp:attachment":[{"href":"https:\/\/institutosanricardopampuri.com\/matriculas\/wp-json\/wp\/v2\/media?parent=7"}],"curies":[{"name":"wp","href":"https:\/\/api.w.org\/{rel}","templated":true}]}}